{"id":848,"date":"2017-03-09T12:13:06","date_gmt":"2017-03-09T12:13:06","guid":{"rendered":"http:\/\/www.mamenmoreu.com\/?page_id=848"},"modified":"2020-04-14T15:01:38","modified_gmt":"2020-04-14T15:01:38","slug":"publicaciones","status":"publish","type":"page","link":"https:\/\/www.mamenmoreu.com\/index.php\/publicaciones\/","title":{"rendered":"Publicaciones"},"content":{"rendered":"<p>[vc_row][vc_column width=\u00bb1\/2&#8243;][vc_single_image image=\u00bb1069&#8243; img_size=\u00bbfull\u00bb][\/vc_column][vc_column width=\u00bb1\/2&#8243;][vc_column_text font_weight=\u00bb100&#8243;]<\/p>\n<h2>Dolores y Lolo<\/h2>\n<p><strong>112 p\u00e1ginas. Color<\/strong><br \/>\n<strong>R\u00fastica con solapas<\/strong><br \/>\n<strong>ISBN: 978-84-17575-05-2<\/strong><br \/>\n<strong>A\u00f1o de publicaci\u00f3n: 2019<\/strong><br \/>\n1\u00aa edici\u00f3n<br \/>\n<strong> <a href=\"http:\/\/astiberri.com\/\" target=\"_blank\" rel=\"noopener noreferrer\">AstiBerri<\/a><\/strong><\/p>\n<div class=\"product-collections\"><a href=\"https:\/\/www.astiberri.com\/products\/dolores-y-lolo\" target=\"_blank\" rel=\"noopener noreferrer\">Puedes comprarlo aqu\u00ed.<\/a><\/div>\n<p>&nbsp;<\/p>\n<p>La tranquila y pl\u00e1cida vida de Dolores se convertir\u00e1 en un cicl\u00f3n cuando su nieta Lolo pierda el trabajo debido a la crisis y tenga que irse a vivir con ella.<\/p>\n<p>Dolores, una viuda chapada a la antigua, ver\u00e1 con espasmo como Lolo, bisexual, poliamorosa y vegana, revoluciona su casa y sus tranquilas tardes de brisca con Juana y Trini.<\/p>\n<p>Novias, amantes, amigas sadomaso, drag queens de pueblo&#8230; A trav\u00e9s de una profusi\u00f3n de personajes secundarios, Dolores y Lolo, de Ivan Batty y Mamen Moreu \u2013que recopila la primera entrega de la serie semanal que aparece en la revista El Jueves desde el 20 de abril de 2016, m\u00e1s una historita in\u00e9dita de once p\u00e1ginas realizada para esta edici\u00f3n\u2013, refleja, con sobresaltos, carcajadas, aventuras y bastante sexo, un universo singular, propio de personas que habitan los m\u00e1rgenes de esta aburrida sociedad.<\/p>\n<p>\u201cSexo, corrupci\u00f3n, suicidio, homosexualidad, negros, sadomasoquismo, viejas, tetas, co\u00f1os, pitos, fajas, org\u00edas, robar en el s\u00faper, Jos\u00e9 Coronado, sobacos peludos, religi\u00f3n, gordas, colonoscopias. Ojal\u00e1 hoy en d\u00eda alguien hiciera algo creativo donde mezclar estos temas. Yo qu\u00e9 s\u00e9, alguien que disfrutara haciendo malabarismos con un par de temas al azar, pongamos viejas y sobacos peludos. Menuda ilusa estoy hecha.<\/p>\n<p>Y que ese disfrute del proceso se vea reflejado en el resultado, que se note la confianza en el trabajo bien hecho, en la continuidad de la serie. Parezco una loca, permiti\u00e9ndome imaginar algo tan ut\u00f3pico. Un libro donde quepan pitos y partidas de mus, que encima tenga un p\u00fablico fiel, un libro sin censura\u201d.<\/p>\n<p style=\"text-align: right;\"><em>Flavita Banana<\/em><\/p>\n<p>[\/vc_column_text][\/vc_column][\/vc_row][vc_row css=\u00bb.vc_custom_1586875789537{margin-top: 50px !important;}\u00bb][vc_column width=\u00bb1\/2&#8243;][vc_single_image image=\u00bb849&#8243; img_size=\u00bbfull\u00bb][\/vc_column][vc_column width=\u00bb1\/2&#8243;][vc_column_text font_weight=\u00bb100&#8243; css=\u00bb.vc_custom_1586876276107{margin-bottom: 20px !important;}\u00bb]<\/p>\n<h2>Resaca<\/h2>\n<p><strong>88 p\u00e1ginas. Color<\/strong><br \/>\n<strong> R\u00fastica con solapas<\/strong><br \/>\n<strong> ISBN: 978-84-15685-52-4<\/strong><br \/>\n<strong> 2\u00aa edici\u00f3n<\/strong><br \/>\n<strong> Colecci\u00f3n Kili Kili de <a href=\"http:\/\/astiberri.com\/\" target=\"_blank\" rel=\"noopener noreferrer\">AstiBerri<\/a><\/strong><\/p>\n<div class=\"product-collections\"><a href=\"https:\/\/www.astiberri.com\/products\/resaca\" target=\"_blank\" rel=\"noopener noreferrer\">Puedes comprarlo aqu\u00ed.<\/a><\/div>\n<p>&nbsp;<\/p>\n<p>Mamen Moreu retoma a Marcela, el personaje nacido en las tiras publicadas en El Jueves, para crear Resaca, un c\u00f3mic in\u00e9dito a base de humor gamberro, sexo y alcohol. La protagonista es una chica de veintimuchos a\u00f1os, que lo \u00fanico que tiene claro es que los fines de semana son para salir de fiesta. Hilando historias en su gran mayor\u00eda inspiradas en la vida y el entorno de la autora, tienen cabida la crisis previa (y no tan previa) a los 30, el agobio de encontrar trabajo, las amigas, que comienzan a casarse y tener hijos, la no aceptaci\u00f3n de la edad y seguir viviendo como una postadolescente, mundo nocturno, chicos, cubatas, camareros&#8230; y ponis, muchos ponis.<\/p>\n<p>Seg\u00fan apunta el dibujante Dar\u00edo Adanti, \u201cMarcela est\u00e1 viviendo la resaca de la Espa\u00f1a de los 90, la demolici\u00f3n del estado de bienestar, el fin de la burbuja inmobiliaria y el derrumbe de un sistema que no da m\u00e1s. Es decir: esta crisis se est\u00e1 llevando puesto mucho de lo mejor que ten\u00eda Espa\u00f1a. A Marcela le cuesta sobrevivir con lo que hay y con lo que puede conseguir, y el mundo adulto no parece prometer nada que se desee ver cumplido. Pero ella igual sale y se emborracha. Se emborracha y liga, liga y folla, folla y a veces la pasa bien y a veces no. Como todo el mundo. O casi todo&#8230;\u201d.[\/vc_column_text][\/vc_column][\/vc_row][vc_row css=\u00bb.vc_custom_1586875800323{margin-top: 50px !important;}\u00bb][vc_column width=\u00bb1\/2&#8243;][vc_single_image image=\u00bb983&#8243; img_size=\u00bbfull\u00bb][\/vc_column][vc_column width=\u00bb1\/2&#8243;][vc_column_text font_weight=\u00bb100&#8243;]<\/p>\n<h1 class=\"product-title\">Desastre<\/h1>\n<div data-hook=\"product_properties\">\n<div class=\"product-book-properties\">\n<div class=\"product-physical-description\"><strong>EDITORIAL ASTIBERRI.<\/strong><\/div>\n<div class=\"product-physical-description\"><strong>88 p\u00e1ginas. Color<\/strong><br \/>\n<strong>R\u00fastica con solapas. 16.0 x 23.0 cm<\/strong><\/div>\n<div class=\"product-isbn\"><strong>ISBN: 978-84-16251-78-0<\/strong><\/div>\n<div class=\"product-publication-year\"><strong>A\u00f1o de publicaci\u00f3n: 2018<\/strong><\/div>\n<div class=\"product-edition\"><strong>1\u00aa edici\u00f3n<\/strong><\/div>\n<div class=\"product-collections\"><a href=\"https:\/\/www.astiberri.com\/collections\/coleccion-sillon-orejero\" target=\"_blank\" rel=\"noopener noreferrer\">Sill\u00f3n Orejero<\/a><\/div>\n<\/div>\n<div class=\"product-collections\"><\/div>\n<\/div>\n<div class=\"product-collections\"><\/div>\n<p>&nbsp;<\/p>\n<div class=\"product-collections\"><a href=\"https:\/\/www.astiberri.com\/products\/desastre\" target=\"_blank\" rel=\"noopener noreferrer\">Puedes comprarlo aqu\u00ed.<\/a><\/div>\n<div class=\"product-collections\"><\/div>\n<div class=\"product-collections\">\n<p>&nbsp;<\/p>\n<p>Berta tiene 35 a\u00f1os y su vida, m\u00e1s que aburrida, es un desastre absoluto. Est\u00e1 todo el d\u00eda de mal humor, su vida social es penosa, trabaja en una franquicia de perfumer\u00edas que se va a pique, su novio es el mismo desde la universidad y no se tocan ni con un palo&#8230;<\/p>\n<p>\u00bfConseguir\u00e1 Berta dejar de ponerse excusas y pasar a la acci\u00f3n? \u00bfSer\u00e1 capaz de enfrentarse al qu\u00e9 dir\u00e1n y volver a empezar sin hacer demasiado drama?<\/p>\n<p>&nbsp;<\/p>\n<p>\u201cAunque la di\ufb01cultad para sobrevivir a las exigencias de la vida adulta contempor\u00e1nea sea el mismo asunto central ahora en\u00a0<em>Desastre<\/em>\u00a0que hace cuatro a\u00f1os en\u00a0<em>Resaca<\/em>\u00a0\u2013asegura el dibujante Mauro Entrialgo en el pr\u00f3logo\u2013, el particular c\u00f3ctel de inclinaciones estil\u00edsticas ensamblado por Mamen se mani\ufb01esta ahora m\u00e1s matizado. Se ha a\u00f1adido mayor dosis de BD francobelga intimista que, aunque contenida, aporta mayor personalidad al combinado \ufb01nal y lo sit\u00faa en un terreno que trasciende al del humor gamberro epis\u00f3dico de articulaci\u00f3n demasiado supeditada al gag. Todo fluye\u201d, concluye.<\/p>\n<\/div>\n<div class=\"product-collections\"><\/div>\n<p>[\/vc_column_text][\/vc_column][\/vc_row]<\/p>\n","protected":false},"excerpt":{"rendered":"<p>[vc_row][vc_column width=\u00bb1\/2&#8243;][vc_single_image image=\u00bb1069&#8243; img_size=\u00bbfull\u00bb][\/vc_column][vc_column width=\u00bb1\/2&#8243;][vc_column_text font_weight=\u00bb100&#8243;] Dolores y Lolo 112 p\u00e1ginas. Color R\u00fastica con solapas ISBN: 978-84-17575-05-2 A\u00f1o de publicaci\u00f3n: 2019 1\u00aa edici\u00f3n AstiBerri Puedes comprarlo aqu\u00ed. &nbsp; La tranquila y pl\u00e1cida vida de Dolores se convertir\u00e1 en un cicl\u00f3n cuando su nieta Lolo pierda el trabajo debido a la crisis y tenga que irse [&hellip;]<\/p>\n","protected":false},"author":2,"featured_media":0,"parent":0,"menu_order":0,"comment_status":"closed","ping_status":"closed","template":"","meta":{"footnotes":""},"class_list":["post-848","page","type-page","status-publish","hentry"],"_links":{"self":[{"href":"https:\/\/www.mamenmoreu.com\/index.php\/wp-json\/wp\/v2\/pages\/848","targetHints":{"allow":["GET"]}}],"collection":[{"href":"https:\/\/www.mamenmoreu.com\/index.php\/wp-json\/wp\/v2\/pages"}],"about":[{"href":"https:\/\/www.mamenmoreu.com\/index.php\/wp-json\/wp\/v2\/types\/page"}],"author":[{"embeddable":true,"href":"https:\/\/www.mamenmoreu.com\/index.php\/wp-json\/wp\/v2\/users\/2"}],"replies":[{"embeddable":true,"href":"https:\/\/www.mamenmoreu.com\/index.php\/wp-json\/wp\/v2\/comments?post=848"}],"version-history":[{"count":17,"href":"https:\/\/www.mamenmoreu.com\/index.php\/wp-json\/wp\/v2\/pages\/848\/revisions"}],"predecessor-version":[{"id":1079,"href":"https:\/\/www.mamenmoreu.com\/index.php\/wp-json\/wp\/v2\/pages\/848\/revisions\/1079"}],"wp:attachment":[{"href":"https:\/\/www.mamenmoreu.com\/index.php\/wp-json\/wp\/v2\/media?parent=848"}],"curies":[{"name":"wp","href":"https:\/\/api.w.org\/{rel}","templated":true}]}}